{"id":367,"date":"2024-12-10T07:07:32","date_gmt":"2024-12-10T07:07:32","guid":{"rendered":"http:\/\/www.incluverso-5g.es\/?page_id=367"},"modified":"2025-12-12T14:46:45","modified_gmt":"2025-12-12T14:46:45","slug":"nuevas-publicaciones-cientificas","status":"publish","type":"page","link":"http:\/\/www.incluverso-5g.es\/?page_id=367","title":{"rendered":"Publicaciones Cientificas"},"content":{"rendered":"\n<ul>\n<li><em><strong>Sara Baldoni, Marta Orduna, Anna Ferrarotti, Mario Utiel-Moreno, Kamil Koniuch, Pablo Perez, Federica Battisti<\/strong>( 2025, Dec<\/em>ember). Methodologies for QoE Evaluation in XR Asymmetric Collaborative Applications. ACM Transactions on Multimedia Computing, Communications and Applications\n<ul>\n<li><a href=\"https:\/\/doi.org\/10.1145\/3779652\" target=\"_blank\" rel=\"noreferrer noopener\">https:\/\/doi.org\/10.1145\/3779652<\/a>\u00a0<\/li>\n<\/ul>\n<\/li>\n\n\n\n<li><strong>Goyena, M., Dal Magro, M., Merolli, M., Barbero Garc\u00eda, D., Cort\u00e9s, C., Orduna, M., &#8230; &amp; Garc\u00eda, N. <\/strong><em>(2025, June).<\/em> Immersive Cognitive Training for Job Integration with people with Intellectual Disabilities. <em>&nbsp;In Proceedings of the 2025 ACM International Conference on Interactive Media Experiences (pp. 346-349)<\/em> \n<ul>\n<li><a rel=\"noreferrer noopener\" href=\"https:\/\/dl.acm.org\/doi\/10.1145\/3706370.3731707\" target=\"_blank\">https:\/\/dl.acm.org\/doi\/10.1145\/3706370.3731707<\/a>&nbsp;<\/li>\n<\/ul>\n<\/li>\n\n\n\n<li><strong>Marta Goyena, Carlos Cort\u00e9s, Marta Orduna, Matteo Dal Magro, Ainhoa Fern\u00e1ndez-Alcaide, Mar\u00eda Nava-Ruiz, Jes\u00fas Guti\u00e9rrez, Pablo Perez, Narciso Garc\u00eda<\/strong> (2025 June). A Study on Immersive Behavioral Therapy for Individuals with Intellectual Disabilities with Fear of Stairs. <em>In Proceedings of the 2025 ACM International Conference on Interactive Media Experiences (pp. 126-138).<\/em>\n<ul>\n<li><a rel=\"noreferrer noopener\" href=\"https:\/\/dl.acm.org\/doi\/10.1145\/3706370.3727851\" target=\"_blank\">https:\/\/dl.acm.org\/doi\/10.1145\/3706370.3727851<\/a>&nbsp;&nbsp;<\/li>\n<\/ul>\n<\/li>\n\n\n\n<li><strong>Andriana Boudouraki, Harriet R Cameron, Gisela Reyes-Cruz, Juan Pablo Martinez Avila, Marta Orduna, Samanta Varela Castro, Ph. D., Laura Kohonen-Aho<\/strong> L (2025 April). Contesting Control with Automation in Technology-Mediated Interactions In Proceedings of the Extended Abstracts of the CHI Conference on Human Factors in Computing Systems. \n<ul>\n<li><a href=\"https:\/\/dl.acm.org\/doi\/10.1145\/3706599.3719855\" data-type=\"link\" data-id=\"https:\/\/dl.acm.org\/doi\/10.1145\/3706599.3719855\">https:\/\/dl.acm.org\/doi\/10.1145\/3706599.3719855<\/a>&nbsp; &nbsp;&nbsp;&nbsp;&nbsp;&nbsp;&nbsp;&nbsp;&nbsp;&nbsp;&nbsp;&nbsp;&nbsp;&nbsp;<\/li>\n<\/ul>\n<\/li>\n\n\n\n<li><strong>Amaya Jim\u00e9nez-Moreno, Elena Conderana-Medem, Silvia Casino-Colom, Marta Orduna, Ester Gonzalez-Sosa, Pablo Perez, Alvaro Villegas (2025 March). <\/strong>Evaluation of Segmentation Algorithms for Embodiment Improvement in an XR Application | Proceedings of the 17th International Workshop on IMmersive Mixed and Virtual Environment Systems. \n<ul>\n<li><a href=\"https:\/\/doi.org\/10.1145\/3712677.3720463\">https:\/\/doi.org\/10.1145\/3712677.3720463<\/a><\/li>\n<\/ul>\n<\/li>\n\n\n\n<li><strong>Marta Orduna, Ester Gonzalez-Sosa, Andriana Boudouraki, Houda Elmimouni, Pablo Perez, Jesus GutOrduna, M., Gonzalez-Sosa, E., Boudouraki, A., Elmimouni, H., Perez, P., Gutierrez, J., Ahumada-Newhart, V., &amp; Cesar, P.<\/strong> (2025, March). Emerging Telepresence Technologies for Hybrid Meetings: Experiences and Lessons Learned from an Interactive Workshop | Proceedings of the 17th International Workshop on IMmersive Mixed and Virtual Environment Systems. \n<ul>\n<li><a href=\"https:\/\/doi.org\/10.1145\/3712677.3720464\">https:\/\/doi.org\/10.1145\/3712677.3720464<\/a><\/li>\n<\/ul>\n<\/li>\n\n\n\n<li><strong>Dal Magro, M., Goyena, M., Cort\u00e9s, C., Orduna, M., Fern\u00e1ndez-Alcaide, A., &amp; Nava-Ruiz, M.<\/strong> (2025, March). Calibration Challenges and Data Quality in Eye Tracking for Inclusive XR Therapies.  IEEE.\n<ul>\n<li><a href=\"https:\/\/doi.org\/10.1109\/VRW66409.2025.00031\" data-type=\"link\" data-id=\"https:\/\/doi.org\/10.1109\/VRW66409.2025.00031\">https:\/\/doi.org\/10.1109\/VRW66409.2025.00031<\/a>&nbsp;<\/li>\n<\/ul>\n<\/li>\n\n\n\n<li><strong>Goyena, M.<\/strong> (2025, March).&nbsp;&nbsp;[DC] Innovative XR Approaches for Behavioral and Cognitive Therapy IEEE.\n<ul>\n<li><a href=\"https:\/\/doi.org\/10.1109\/VRW66409.2025.00425\">https:\/\/doi.org\/10.1109\/VRW66409.2025.00425<\/a><\/li>\n<\/ul>\n<\/li>\n\n\n\n<li><strong>Gonzalez Sosa, E., Perez, P., Gonzalez Morin, D., Orduna, M., &amp; Villegas, A.<\/strong> (2025, January).Evaluating XR Beyond WEIRD Population: Study Replication for Video-Based Self-Avatars. IEEE Conference Publication.\n<ul>\n<li><a href=\"https:\/\/ieeexplore.ieee.org\/document\/10896089\">https:\/\/ieeexplore.ieee.org\/document\/10896089<\/a>&nbsp;&nbsp;&nbsp;&nbsp;&nbsp;&nbsp;&nbsp;&nbsp;&nbsp;&nbsp;&nbsp;&nbsp;&nbsp;&nbsp;&nbsp;&nbsp;&nbsp;&nbsp;&nbsp;&nbsp;&nbsp;<\/li>\n<\/ul>\n<\/li>\n\n\n\n<li><strong>Orduna, M., Perez, P., Koniuch, K., Gonzalez-Sosa, E., &amp; Villegas, A.<\/strong> (2024, October). Testing 360-Degree Video Communication in a Debate Training between Teens: An Exploratory Field Study. In <em>Proceedings of the 30th ACM Symposium on Virtual Reality Software and Technology (VRST \u201924)<\/em>.\n<ul>\n<li><a href=\"https:\/\/doi.org\/10.1145\/3641825.3689508\">https:\/\/doi.org\/10.1145\/3641825.3689508<\/a>&nbsp;&nbsp;&nbsp;&nbsp;&nbsp;&nbsp;&nbsp;&nbsp;&nbsp;&nbsp;&nbsp;&nbsp;&nbsp;<\/li>\n<\/ul>\n<\/li>\n\n\n\n<li><strong>M. Utiel-Moreno <\/strong>et al. (2024 June). Immersive Telepresence for Hybrid Meetings: Gamified Tele-assistance, Museums, and Technical Support. In <em>16th International Conference on Quality of Multimedia Experience (QoMEX)<\/em>, pp. 175\u2013178.\n<ul>\n<li><a href=\"https:\/\/doi.org\/10.1109\/QoMEX61742.2024.10598299\">https:\/\/doi.org\/10.1109\/QoMEX61742.2024.10598299<\/a>&nbsp;&nbsp;&nbsp;&nbsp;&nbsp;&nbsp;&nbsp;&nbsp;&nbsp;&nbsp;&nbsp;&nbsp;&nbsp;<\/li>\n<\/ul>\n<\/li>\n\n\n\n<li><strong>Orduna, M., P\u00e9rez, P., &amp; Gonz\u00e1lez-Sosa, E.<\/strong> (2024, June). Exploring Gender Differences in eXtended Reality (XR). <em>11th ACM Celebration of Women in Computing: womENcourage\u2122, Madrid, Spain<\/em>\n<ul>\n<li><a href=\"https:\/\/womencourage.acm.org\/2024\/wp-content\/uploads\/2024\/06\/womencourage2024-posters-final120-comprimido.pdf\">https:\/\/womencourage.acm.org\/2024\/wp-content\/uploads\/2024\/06\/womencourage2024-posters-final120-comprimido.pdf<\/a><\/li>\n<\/ul>\n<\/li>\n\n\n\n<li><strong>M. Goyena. (2024 June)<\/strong>. <em>Immersive behavioral therapy for stairs-phobia treatment in individuals with intellectual disabilities<\/em>. <em>11th ACM Celebration of Women in Computing: womENcourage\u2122, Madrid, Spain<\/em>\n<ul>\n<li><a href=\"http:\/\/www.incluverso-5g.es\/wp-content\/uploads\/2024\/10\/Immersive-Behavioral-Therapy-for-Stairs-Phobia-Treatment-in-Individuals-with-Intellectual-disabilities.pdf\">http:\/\/www.incluverso-5g.es\/wp-content\/uploads\/2024\/10\/Immersive-Behavioral-Therapy-for-Stairs-Phobia-Treatment-in-Individuals-with-Intellectual-disabilities.pdf<\/a><\/li>\n<\/ul>\n<\/li>\n\n\n\n<li><strong>ConsumerLab, Ericsson,<\/strong> <strong>Orduna, Marta; Berndtsson, Gunilla; Rafiei, Shirin; Candello, Heloisa; Ek, Martin; et al. (2024, June). <\/strong>Industry Presentations of the ACM International Conference on Interactive Media Experiences: IMX 2024. figshare.\n<ul>\n<li><a href=\"https:\/\/doi.org\/10.6084\/m9.figshare.c.7324409.v1\" data-type=\"link\" data-id=\"o\thttps:\/\/doi.org\/10.6084\/m9.figshare.c.7324409.v1\">https:\/\/doi.org\/10.6084\/m9.figshare.c.7324409.v1<\/a><\/li>\n<\/ul>\n<\/li>\n\n\n\n<li><strong>Cort\u00e9s, C., et al.<\/strong> (2024, May). <em>Immersive behavioral therapy for phobia treatment in individuals with intellectual disabilities<\/em>. In <em>2024 IEEE Conference on Virtual Reality and 3D User Interfaces Abstracts and Workshops (VRW)<\/em>, pp. 1222\u20131223.\n<ul>\n<li><a href=\"https:\/\/doi.org\/10.1109\/VRW62533.2024.00405\">https:\/\/doi.org\/10.1109\/VRW62533.2024.00405<\/a>&nbsp;<\/li>\n<\/ul>\n<\/li>\n\n\n\n<li><strong>P. P\u00e9rez, (2023, July) pp. 31-36.<\/strong> The Transmission Rating Scale and its Relation to Subjective Scores. In <em>15th International Conference on Quality of Multimedia Experience (QoMEX)<\/em>, pp. 31\u201336\n<ul>\n<li><a href=\"https:\/\/doi.org\/10.1109\/QoMEX58391.2023.10178659\">https:\/\/doi.org\/10.1109\/QoMEX58391.2023.10178659<\/a><\/li>\n<\/ul>\n<\/li>\n\n\n\n<li><strong>P\u00e9rez, P., Gonz\u00e1lez-Mor\u00edn, D., Ruiz, J., Guti\u00e9rrez, J., Orduna, M., Cort\u00e9s, C., Nava-Ruiz, M., &amp; S\u00e1nchez-Silva, M. J.<\/strong> (2023 April). <em>INCLUVERSO 5G: Designing and validating the technology for the Incluverse<\/em>. Madrid, Spain. \n<ul>\n<li><a href=\"http:\/\/www.incluverso-5g.es\/wp-content\/uploads\/2025\/05\/Incluverso_CHI_Inclusion-3-1.pdf\" data-type=\"link\" data-id=\"http:\/\/www.incluverso-5g.es\/wp-content\/uploads\/2025\/05\/Incluverso_CHI_Inclusion-3-1.pdf\">http:\/\/www.incluverso-5g.es\/wp-content\/uploads\/2025\/05\/Incluverso_CHI_Inclusion-3-1.pdf<\/a><\/li>\n<\/ul>\n<\/li>\n<\/ul>\n\n\n\n<p><\/p>\n\n\n\n<p><\/p>\n","protected":false},"excerpt":{"rendered":"","protected":false},"author":1,"featured_media":0,"parent":0,"menu_order":0,"comment_status":"closed","ping_status":"closed","template":"","meta":{"footnotes":""},"_links":{"self":[{"href":"http:\/\/www.incluverso-5g.es\/index.php?rest_route=\/wp\/v2\/pages\/367"}],"collection":[{"href":"http:\/\/www.incluverso-5g.es\/index.php?rest_route=\/wp\/v2\/pages"}],"about":[{"href":"http:\/\/www.incluverso-5g.es\/index.php?rest_route=\/wp\/v2\/types\/page"}],"author":[{"embeddable":true,"href":"http:\/\/www.incluverso-5g.es\/index.php?rest_route=\/wp\/v2\/users\/1"}],"replies":[{"embeddable":true,"href":"http:\/\/www.incluverso-5g.es\/index.php?rest_route=%2Fwp%2Fv2%2Fcomments&post=367"}],"version-history":[{"count":19,"href":"http:\/\/www.incluverso-5g.es\/index.php?rest_route=\/wp\/v2\/pages\/367\/revisions"}],"predecessor-version":[{"id":712,"href":"http:\/\/www.incluverso-5g.es\/index.php?rest_route=\/wp\/v2\/pages\/367\/revisions\/712"}],"wp:attachment":[{"href":"http:\/\/www.incluverso-5g.es\/index.php?rest_route=%2Fwp%2Fv2%2Fmedia&parent=367"}],"curies":[{"name":"wp","href":"https:\/\/api.w.org\/{rel}","templated":true}]}}