{"id":20,"date":"2023-06-09T15:14:54","date_gmt":"2023-06-09T15:14:54","guid":{"rendered":"http:\/\/www.incluverso-5g.es\/?page_id=20"},"modified":"2026-02-18T11:11:04","modified_gmt":"2026-02-18T11:11:04","slug":"documentos","status":"publish","type":"page","link":"http:\/\/www.incluverso-5g.es\/?page_id=20","title":{"rendered":"Documentos"},"content":{"rendered":"\n<p>En esta p\u00e1gina se ir\u00e1 almacenando la documentaci\u00f3n p\u00fablica del proyecto INCLUVERSO 5G.<\/p>\n\n\n\n<hr class=\"wp-block-separator has-alpha-channel-opacity\"\/>\n\n\n\n<h2 class=\"wp-block-heading\">Repositorios<\/h2>\n\n\n\n<p>C\u00f3digo:<\/p>\n\n\n\n<p><a href=\"https:\/\/github.com\/orgs\/incluverso-5g\/repositories\">https:\/\/github.com\/orgs\/incluverso-5g\/repositories<\/a><\/p>\n\n\n\n<p>Bases de datos:<\/p>\n\n\n\n<p><a href=\"https:\/\/huggingface.co\/ExtendedRealityLab\/datasets\">https:\/\/huggingface.co\/ExtendedRealityLab\/datasets<\/a><\/p>\n\n\n\n<h2 class=\"wp-block-heading\">Entregables<\/h2>\n\n\n\n<p>Los siguientes entregables del proyecto son p\u00fablicos. Se actualizar\u00e1n a medida que est\u00e9n disponibles<\/p>\n\n\n\n<figure class=\"wp-block-table\"><table><tbody><tr><td class=\"has-text-align-center\" data-align=\"center\">E1.1<\/td><td><a rel=\"noreferrer noopener\" href=\"http:\/\/www.incluverso-5g.es\/wp-content\/uploads\/2025\/08\/E1.1.pdf\" target=\"_blank\">Requisitos Eticos y de<\/a><a href=\"http:\/\/www.incluverso-5g.es\/wp-content\/uploads\/2025\/10\/E1.1.pdf\" target=\"_blank\" rel=\"noreferrer noopener\"> gestion de <\/a><a rel=\"noreferrer noopener\" href=\"http:\/\/www.incluverso-5g.es\/wp-content\/uploads\/2025\/08\/E1.1.pdf\" target=\"_blank\">datos<\/a><\/td><\/tr><tr><td class=\"has-text-align-center\" data-align=\"center\">E1.2<\/td><td><a href=\"http:\/\/www.incluverso-5g.es\/wp-content\/uploads\/2025\/10\/E1.2.pdf\" target=\"_blank\" rel=\"noreferrer noopener\">Definici\u00f3n de Requisitos y casos de uso de INCLUVERSO 5G<\/a><\/td><\/tr><tr><td class=\"has-text-align-center\" data-align=\"center\">E1.3<\/td><td><a href=\"http:\/\/www.incluverso-5g.es\/wp-content\/uploads\/2025\/10\/E1.3.pdf\" target=\"_blank\" rel=\"noreferrer noopener\">Herramientas de an\u00e1lisis de calidad de experiencia y seguimiento socio-terap\u00e9utico<\/a><\/td><\/tr><tr><td class=\"has-text-align-center\" data-align=\"center\">E2.3<\/td><td><a href=\"http:\/\/www.incluverso-5g.es\/wp-content\/uploads\/2026\/02\/E2.3_compressed.pdf\">Evaluaci\u00f3n de las tecnolog\u00edas de red<\/a><\/td><\/tr><tr><td class=\"has-text-align-center\" data-align=\"center\">E3.3<\/td><td><a href=\"http:\/\/www.incluverso-5g.es\/wp-content\/uploads\/2026\/01\/E3.3_publico.pdf\">Evaluaci\u00f3n de las tecnolog\u00edas de XR<\/a><\/td><\/tr><tr><td class=\"has-text-align-center\" data-align=\"center\">E4.1<\/td><td><a rel=\"noreferrer noopener\" href=\"http:\/\/www.incluverso-5g.es\/wp-content\/uploads\/2025\/10\/E4.1_publico.pdf\" target=\"_blank\">Evaluaci\u00f3n del caso de uso de Terapia<\/a><\/td><\/tr><tr><td class=\"has-text-align-center\" data-align=\"center\">E4.2<\/td><td><a href=\"http:\/\/www.incluverso-5g.es\/wp-content\/uploads\/2026\/02\/E4.2_publico.pdf\">Evaluaci\u00f3n del caso de uso de Telepresencia<\/a><\/td><\/tr><tr><td class=\"has-text-align-center\" data-align=\"center\">E4.3 I<\/td><td><a href=\"http:\/\/www.incluverso-5g.es\/wp-content\/uploads\/2026\/02\/E4.3_parte1_publico.pdf\">Evaluaci\u00f3n del caso de uso de teleformaci\u00f3n<\/a><\/td><\/tr><tr><td class=\"has-text-align-center\" data-align=\"center\">E4.3 II<\/td><td><a href=\"http:\/\/www.incluverso-5g.es\/wp-content\/uploads\/2026\/02\/E4.3_parte2.pdf\" data-type=\"link\" data-id=\"http:\/\/www.incluverso-5g.es\/wp-content\/uploads\/2026\/02\/E4.3_parte2.pdf\">Validaci\u00f3n del INCLUVERSO 5G<\/a><\/td><\/tr><\/tbody><\/table><\/figure>\n","protected":false},"excerpt":{"rendered":"<p>En esta p\u00e1gina se ir\u00e1 almacenando la documentaci\u00f3n p\u00fablica del proyecto INCLUVERSO 5G. Repositorios C\u00f3digo: https:\/\/github.com\/orgs\/incluverso-5g\/repositories Bases de datos: https:\/\/huggingface.co\/ExtendedRealityLab\/datasets Entregables Los [&hellip;]<\/p>\n","protected":false},"author":1,"featured_media":0,"parent":0,"menu_order":3,"comment_status":"closed","ping_status":"closed","template":"","meta":{"footnotes":""},"_links":{"self":[{"href":"http:\/\/www.incluverso-5g.es\/index.php?rest_route=\/wp\/v2\/pages\/20"}],"collection":[{"href":"http:\/\/www.incluverso-5g.es\/index.php?rest_route=\/wp\/v2\/pages"}],"about":[{"href":"http:\/\/www.incluverso-5g.es\/index.php?rest_route=\/wp\/v2\/types\/page"}],"author":[{"embeddable":true,"href":"http:\/\/www.incluverso-5g.es\/index.php?rest_route=\/wp\/v2\/users\/1"}],"replies":[{"embeddable":true,"href":"http:\/\/www.incluverso-5g.es\/index.php?rest_route=%2Fwp%2Fv2%2Fcomments&post=20"}],"version-history":[{"count":38,"href":"http:\/\/www.incluverso-5g.es\/index.php?rest_route=\/wp\/v2\/pages\/20\/revisions"}],"predecessor-version":[{"id":814,"href":"http:\/\/www.incluverso-5g.es\/index.php?rest_route=\/wp\/v2\/pages\/20\/revisions\/814"}],"wp:attachment":[{"href":"http:\/\/www.incluverso-5g.es\/index.php?rest_route=%2Fwp%2Fv2%2Fmedia&parent=20"}],"curies":[{"name":"wp","href":"https:\/\/api.w.org\/{rel}","templated":true}]}}